{"id":8,"date":"2011-10-18T09:45:07","date_gmt":"2011-10-18T09:45:07","guid":{"rendered":"http:\/\/cuckooclock.tv\/eng\/?page_id=8"},"modified":"2019-06-14T16:04:18","modified_gmt":"2019-06-14T16:04:18","slug":"impressum","status":"publish","type":"page","link":"https:\/\/cuckooclock.tv\/eng\/impressum","title":{"rendered":"Imprint"},"content":{"rendered":"<p>ViSdP<br \/>\nCuckoo Clock Entertainment GmbH &amp; Co. KG<br \/>\nFlerrentwiete 33 b<br \/>\nD-22559 Hamburg<br \/>\nGermany<br \/>\nphone +49 40 23547371<br \/>\nfax +49 40 36850020<br \/>\nE-mail&nbsp;<a href=\"mailto:mail@cuckooclock.tv\">mail[at]cuckooclock.tv<\/a><\/p>\n<p>DESIGN Lynn Grevenitz &amp; Henning Tietz<br \/>\nPROGRAMMING <a href=\"https:\/\/wallutt.com\">Carlos Wallutt<\/a><\/p>\n<p>Managing Partner: Raoul Reinert<br \/>\nHRA&nbsp;109093 Handelsregister Hamburg<br \/>\nKomplement\u00e4rin: ATLAS Business Consultants<br \/>\nUnternehmensberatung GmbH, Karlsruhe<br \/>\nHRB 102769 Handelsregister Mannheim<br \/>\nUSt-IdNr. DE253749659<\/p>\n<h6>Data Protection<\/h6>\n<p>Wir nehmen den Schutz Ihrer pers\u00f6nlichen Daten ernst und halten uns strikt an die Regeln der Datenschutzgesetze. Ihre Daten werden also so gesch\u00fctzt,&nbsp; wie es die gesetzlichen Vorschriften, insbesondere das neue Telemediengesetz vorsehen. Personenbezogene Daten werden auf dieser Webseite nur im technisch notwendigen Umfang erhoben. In keinem Fall werden die erhobenen Daten verkauft oder aus anderen Gr\u00fcnden an Dritte weitergegeben.<\/p>\n<p>1. Gespeicherte Daten<\/p>\n<p>Jeder Zugriff auf unsere Website und jeder Abruf einer auf der Website hinterlegten Datei wird protokolliert. Es ist unvermeidlich, dass in den Serverstatistiken automatisch solche Daten gespeichert werden, die Ihr Browser uns \u00fcbermittelt. Dies sind Browsertyp und Browserversion, das verwendete Betriebssystem, die Referrer URL (die zuvor besuchte Seite), der Hostname des zugreifenden Rechners (IP Adresse) sowie die Uhrzeit der Serveranfrage. Diese Speicherung dient lediglich internen systembezogenen und statistischen Zwecken. Weitergehende Personenbezogene Daten werden nur erfasst, wenn Sie diese Angaben freiwillig, etwa im Rahmen einer Anfrage machen. Die oben genannten Daten sind f\u00fcr uns in der Regel nicht bestimmten Personen zuordenbar, eine Zusammenf\u00fchrung mit diesen Daten mit anderen Datenquellen wird nicht vorgenommen.<\/p>\n<p>2. Nutzung und Weitergabe personenbezogener Daten<\/p>\n<p>Soweit Sie uns personenbezogene Daten zur Verf\u00fcgung gestellt haben, verwenden wir diese nur zur Beantwortung Ihrer Anfragen und f\u00fcr die technische Administration. Ihre personenbezogenen Daten werden nicht an Dritte weitergegeben. Sie k\u00f6nnen unsere Website grunds\u00e4tzlich ohne Offenlegung Ihrer Identit\u00e4t nutzen. Wenn Sie unser Kontakt-Formular verwenden, fragen wir Sie nach Ihrem Namen und anderen pers\u00f6nlichen Informationen. Es unterliegt Ihrer freien Entscheidung, ob Sie diese Daten eingeben m\u00f6chten.<br \/>\nIhre Angaben werden auf gesch\u00fctzten Servern in Deutschland gespeichert. Der Zugriff darauf ist nur wenigen besonders befugten Personen m\u00f6glich, die mit der technischen Betreuung der Server befasst sind. Wenn Sie uns auffordern, Ihre personenbezogenen Daten nicht f\u00fcr die weitere Kontaktaufnahme zu verwenden und \/ oder zu l\u00f6schen, so wird dementsprechend verfahren.<\/p>\n<p>3. Auskunftsrecht<\/p>\n<p>Gerne geben wir Ihnen Auskunft \u00fcber die bei uns gespeicherten pers\u00f6nlichen Daten, wenn Sie Fragen zur Behandlung Ihrer Daten haben, gen\u00fcgt eine Email.<\/p>\n<p>Cookies<br \/>\nDie Internetseiten verwenden an mehreren Stellen so genannte Cookies. Sie dienen dazu, dieses Online-Angebot nutzerfreundlicher, effektiver und sicherer zu machen. Cookies sind kleine Textdateien, die auf Ihrem Rechner abgelegt werden und die Ihr Browser speichert. Die meisten der von verwendeten Cookies sind so genannte &#8218;Session-Cookies&#8216;. Sie werden nach Ende Ihres Besuchs automatisch gel\u00f6scht. Cookies richten auf Ihrem Rechner keinen Schaden an und enthalten keine Viren.<\/p>\n","protected":false},"excerpt":{"rendered":"<p>ViSdP Cuckoo Clock Entertainment GmbH &amp; Co. KG Flerrentwiete 33 b D-22559 Hamburg Germany phone +49 40 23547371 fax +49 40 36850020 E-mail&nbsp;mail[at]cuckooclock.tv DESIGN Lynn Grevenitz &amp; Henning Tietz PROGRAMMING Carlos Wallutt Managing Partner: Raoul Reinert HRA&nbsp;109093 Handelsregister Hamburg Komplement\u00e4rin: ATLAS Business Consultants Unternehmensberatung GmbH, Karlsruhe HRB 102769 Handelsregister Mannheim USt-IdNr. DE253749659 Data Protection Wir [&hellip;]<\/p>\n","protected":false},"author":2,"featured_media":0,"parent":0,"menu_order":0,"comment_status":"open","ping_status":"open","template":"","meta":{"footnotes":""},"class_list":["post-8","page","type-page","status-publish","hentry"],"_links":{"self":[{"href":"https:\/\/cuckooclock.tv\/eng\/wp-json\/wp\/v2\/pages\/8","targetHints":{"allow":["GET"]}}],"collection":[{"href":"https:\/\/cuckooclock.tv\/eng\/wp-json\/wp\/v2\/pages"}],"about":[{"href":"https:\/\/cuckooclock.tv\/eng\/wp-json\/wp\/v2\/types\/page"}],"author":[{"embeddable":true,"href":"https:\/\/cuckooclock.tv\/eng\/wp-json\/wp\/v2\/users\/2"}],"replies":[{"embeddable":true,"href":"https:\/\/cuckooclock.tv\/eng\/wp-json\/wp\/v2\/comments?post=8"}],"version-history":[{"count":6,"href":"https:\/\/cuckooclock.tv\/eng\/wp-json\/wp\/v2\/pages\/8\/revisions"}],"predecessor-version":[{"id":134,"href":"https:\/\/cuckooclock.tv\/eng\/wp-json\/wp\/v2\/pages\/8\/revisions\/134"}],"wp:attachment":[{"href":"https:\/\/cuckooclock.tv\/eng\/wp-json\/wp\/v2\/media?parent=8"}],"curies":[{"name":"wp","href":"https:\/\/api.w.org\/{rel}","templated":true}]}}