{"id":56,"date":"2011-10-18T10:10:49","date_gmt":"2011-10-18T10:10:49","guid":{"rendered":"http:\/\/cuckooclock.tv\/eng\/?page_id=56"},"modified":"2014-07-01T07:59:20","modified_gmt":"2014-07-01T07:59:20","slug":"der-ganz-grosse-traum","status":"publish","type":"page","link":"https:\/\/cuckooclock.tv\/eng\/films\/der-ganz-grosse-traum","title":{"rendered":"Lessons of a Dream"},"content":{"rendered":"<div>\n<p>World Sales: Beta Cinema<\/p>\n<p>http:\/\/www.betacinema.com\/en\/produkt\/do\/detail.html?id=3036<\/p>\n<p><iframe loading=\"lazy\" title=\"&quot;Der ganz gro\u00dfe Traum&quot; - Trailer mit Daniel Br\u00fchl\" width=\"500\" height=\"281\" src=\"https:\/\/www.youtube.com\/embed\/5ALOePpgLKo?feature=oembed\" frameborder=\"0\" allow=\"accelerometer; autoplay; clipboard-write; encrypted-media; gyroscope; picture-in-picture; web-share\" referrerpolicy=\"strict-origin-when-cross-origin\" allowfullscreen><\/iframe><\/p>\n<p>Eine Produktion der Cuckoo Clock Entertainment mit deutschfilm und Senator Film Produktion in Koproduktion mit Rialto Film und ARD Degeto im Verleih der Senator.<\/p>\n<p>Story: Der junge Lehrer Konrad Koch (Daniel Br\u00fchl) soll in einem altehrw\u00fcrdigen deutschen Gymnasium im Jahr 1874 Englisch unterrichten. Um die Sch\u00fcler f\u00fcr die fremde Sprache zu begeistern, greift er zu unorthodoxen Mitteln und bringt ihnen einen seltsamen englischen Sport nahe: Fu\u00dfball. Bald bekommt er Schwierigkeiten an der kaiserlich-strengen Schule und ihm wird gek\u00fcndigt. Doch jetzt ergreifen die Sch\u00fcler die Initiative\u2026<br \/>\nDer Film erz\u00e4hlt dramatisch und humorvoll die unglaubliche Geschichte wie durch einen unbeirrbaren Idealisten der Fu\u00dfball nach Deutschland kam \u2013 frei nach wahren Begebenheiten.<\/p>\n<p>u.a. mit Burghart Klaussner, Justus von Dohn\u00e1nyi, Thomas Thieme, J\u00fcrgen Tonkel, Kathrin von Steinburg, Adrian Moore, Theo Trebs, Till Valentin Winter, Josef Ostendorf und Henriette Confurius.<\/p>\n<p>Regie: Sebastian Grobler. Drehbuch: Philipp Roth &amp; Johanna Stuttmann. Idee: Sebastian Grobler &amp; Raoul Reinert. Kamera: Martin Langer. Szenenbild: Thomas Freudenthal. Kost\u00fcmbild: Monika Jacobs. Maskenbild: Sabine Schumann. Musik: Ingo L. Frenzel &amp; Marco Meister. PL: Christian Springer. Produzenten: Raoul Reinert &amp; Anatol Nitschke. Koproduzenten: Helge Sasse, Matthias &amp; Felix Wendlandt, Hans-Wolfgang Jurgan. Senderbeteiligung: ARD\/Degeto, F\u00f6rderungen: FFA, FFHSH, BKM\/Kuratorium, Nordmedia, Medienboard Berlin-Brandenburg, DFFF. Weltvertrieb: Beta Film.<\/p>\n<p><iframe loading=\"lazy\" title=\"DER GANZ GROSSE TRAUM | Offizieller deutscher Teaser\" width=\"500\" height=\"281\" src=\"https:\/\/www.youtube.com\/embed\/67_S1-sv7-c?feature=oembed\" frameborder=\"0\" allow=\"accelerometer; autoplay; clipboard-write; encrypted-media; gyroscope; picture-in-picture; web-share\" referrerpolicy=\"strict-origin-when-cross-origin\" allowfullscreen><\/iframe><\/p>\n<\/div>\n","protected":false},"excerpt":{"rendered":"<p>World Sales: Beta Cinema http:\/\/www.betacinema.com\/en\/produkt\/do\/detail.html?id=3036 Eine Produktion der Cuckoo Clock Entertainment mit deutschfilm und Senator Film Produktion in Koproduktion mit Rialto Film und ARD Degeto im Verleih der Senator. Story: Der junge Lehrer Konrad Koch (Daniel Br\u00fchl) soll in einem altehrw\u00fcrdigen deutschen Gymnasium im Jahr 1874 Englisch unterrichten. Um die Sch\u00fcler f\u00fcr die fremde Sprache [&hellip;]<\/p>\n","protected":false},"author":2,"featured_media":0,"parent":18,"menu_order":0,"comment_status":"open","ping_status":"open","template":"dggt.php","meta":{"footnotes":""},"class_list":["post-56","page","type-page","status-publish","hentry"],"_links":{"self":[{"href":"https:\/\/cuckooclock.tv\/eng\/wp-json\/wp\/v2\/pages\/56","targetHints":{"allow":["GET"]}}],"collection":[{"href":"https:\/\/cuckooclock.tv\/eng\/wp-json\/wp\/v2\/pages"}],"about":[{"href":"https:\/\/cuckooclock.tv\/eng\/wp-json\/wp\/v2\/types\/page"}],"author":[{"embeddable":true,"href":"https:\/\/cuckooclock.tv\/eng\/wp-json\/wp\/v2\/users\/2"}],"replies":[{"embeddable":true,"href":"https:\/\/cuckooclock.tv\/eng\/wp-json\/wp\/v2\/comments?post=56"}],"version-history":[{"count":5,"href":"https:\/\/cuckooclock.tv\/eng\/wp-json\/wp\/v2\/pages\/56\/revisions"}],"predecessor-version":[{"id":93,"href":"https:\/\/cuckooclock.tv\/eng\/wp-json\/wp\/v2\/pages\/56\/revisions\/93"}],"up":[{"embeddable":true,"href":"https:\/\/cuckooclock.tv\/eng\/wp-json\/wp\/v2\/pages\/18"}],"wp:attachment":[{"href":"https:\/\/cuckooclock.tv\/eng\/wp-json\/wp\/v2\/media?parent=56"}],"curies":[{"name":"wp","href":"https:\/\/api.w.org\/{rel}","templated":true}]}}